{"id":2254,"date":"2022-06-10T15:03:12","date_gmt":"2022-06-10T13:03:12","guid":{"rendered":"https:\/\/camping-belledune.com\/mentions-legales\/"},"modified":"2022-10-11T16:15:03","modified_gmt":"2022-10-11T14:15:03","slug":"legal-notices","status":"publish","type":"page","link":"https:\/\/camping-belledune.com\/en\/legal-notices\/","title":{"rendered":"Mentions l\u00e9gales"},"content":{"rendered":"<section id=\"ls-section-block_62a3427eaec1a\" class=\"ls-section \" >\r\n        <div class=\"container container--wide\">\r\n        \n\n<h2 class=\"ls-heading wp-block-heading\">SITE EDITOR<\/h2>\n\n\n\n<p class=\"ls-paragraph\"><strong>S.A. HOTELLERIE DE PLEIN AIR \u00ab BELLE DUNE \u00bb<\/strong><br><\/p>\n\n\n\n<p class=\"ls-paragraph\">202, chemin des Anglais<br>BP03<br>62601 BERCK SUR MER<\/p>\n\n\n\n<p class=\"ls-paragraph\">Telephone : 03 21 09 65 00<br>Electronic mail : contact@camping-belledune.com<\/p>\n\n\n\n<p class=\"ls-paragraph\">RCS Boulogne B 418 343 406<br>SIRET : B 418 343 406 000 17<br>APE 5530Z<br>TCA intracommunautaire : FR95418343406.00017<\/p>\n\n\n\n<p class=\"ls-paragraph\">Editor-in-Chief &amp; Director of Publication : Jacques DEBUT<\/p>\n\n\n\n<h2 class=\"ls-heading wp-block-heading\">REALISATION<\/h2>\n\n\n\n<p class=\"ls-paragraph\">GEEK TONIC<br>Represented by Mr. Yohan Darmayan in his capacity as Manager<br>Head office: 1 all\u00e9e Pierre Georges Lat\u00e9co\u00e8re &#8211; 64200 Biarritz<br>Tel: 09 72 49 05 44<br>E-mail : support@geektonic.com<br>Website: <a href=\"https:\/\/www.geek-tonic.com\">www.geek-tonic.com<\/a><br>SIRET : 89746755100015<br>APE : 6201Z<\/p>\n\n\n\n<h2 class=\"ls-heading wp-block-heading\">COPYRIGHTS AND COPYRIGHT<\/h2>\n\n\n\n<p class=\"ls-paragraph\">The whole of the contents of this site depends on the royalty like on the intellectual property of the French legislation Any reproduction (including the photographs, the icons and the downloadable documents) is prohibited without preliminary agreement of GEEKTONIC. The reproduction on an electronic medium of all or part of the site on a paper or electronic format is prohibited. GeekTonic disclaims any responsibility for the content of the website. GeekTonic also disclaims any responsibility for external links to this site.<\/p>\n\n\n\n<h2 class=\"ls-heading wp-block-heading\">PERSONAL DATA AND NOMINATIVE INFORMATION<\/h2>\n\n\n\n<p class=\"ls-paragraph\">You have the right to access, modify, rectify and delete data concerning you in accordance with Article 34 of the French Data Protection Act (Loi &#8221; Informatique et Libert\u00e9s &#8221; n\u00b0 78-17 of 6 January 1978, modified on 6 August 2004). To exercise this right of access, you may make a written request to the site editor.<\/p>\n\n\n\n<h2 class=\"ls-heading wp-block-heading\">LEGISLATION<\/h2>\n\n\n\n<p class=\"ls-paragraph\">According to the law of 11 March 1957 (art. 41) and the intellectual property code of 1 July 1992, it is forbidden to reproduce any part of the site in whole or in part without prior authorisation from the site editor. Logos, visuals, photos, videos, graphic charts and texts are the property of their respective owners. This site may, without its knowledge, have been linked to other sites by means of hypermedia links. The site editor declines all responsibility for the information presented on these other sites. The Internet user acknowledges that the use of this site is governed by French law.<\/p>\n\n\r\n    <\/div>\r\n<\/section>","protected":false},"excerpt":{"rendered":"","protected":false},"author":1,"featured_media":0,"parent":0,"menu_order":0,"comment_status":"closed","ping_status":"closed","template":"","meta":{"_acf_changed":false,"footnotes":""},"sujet":[],"class_list":["post-2254","page","type-page","status-publish","hentry"],"acf":[],"yoast_head":"<!-- This site is optimized with the Yoast SEO plugin v23.4 - https:\/\/yoast.com\/wordpress\/plugins\/seo\/ -->\n<title>Mentions l\u00e9gales - Campsite Paradis - Belle Dune<\/title>\n<meta name=\"robots\" content=\"noindex, nofollow\" \/>\n<meta property=\"og:locale\" content=\"en_US\" \/>\n<meta property=\"og:type\" content=\"article\" \/>\n<meta property=\"og:title\" content=\"Mentions l\u00e9gales - Campsite Paradis - Belle Dune\" \/>\n<meta property=\"og:url\" content=\"https:\/\/camping-belledune.com\/en\/legal-notices\/\" \/>\n<meta property=\"og:site_name\" content=\"Campsite Paradis - Belle Dune\" \/>\n<meta property=\"article:modified_time\" content=\"2022-10-11T14:15:03+00:00\" \/>\n<meta name=\"twitter:card\" content=\"summary_large_image\" \/>\n<meta name=\"twitter:label1\" content=\"Est. reading time\" \/>\n\t<meta name=\"twitter:data1\" content=\"2 minutes\" \/>\n<script type=\"application\/ld+json\" class=\"yoast-schema-graph\">{\"@context\":\"https:\/\/schema.org\",\"@graph\":[{\"@type\":\"WebPage\",\"@id\":\"https:\/\/camping-belledune.com\/en\/legal-notices\/\",\"url\":\"https:\/\/camping-belledune.com\/en\/legal-notices\/\",\"name\":\"Mentions l\u00e9gales - Campsite Paradis - Belle Dune\",\"isPartOf\":{\"@id\":\"https:\/\/camping-belledune.com\/#website\"},\"datePublished\":\"2022-06-10T13:03:12+00:00\",\"dateModified\":\"2022-10-11T14:15:03+00:00\",\"breadcrumb\":{\"@id\":\"https:\/\/camping-belledune.com\/en\/legal-notices\/#breadcrumb\"},\"inLanguage\":\"en-US\",\"potentialAction\":[{\"@type\":\"ReadAction\",\"target\":[\"https:\/\/camping-belledune.com\/en\/legal-notices\/\"]}]},{\"@type\":\"BreadcrumbList\",\"@id\":\"https:\/\/camping-belledune.com\/en\/legal-notices\/#breadcrumb\",\"itemListElement\":[{\"@type\":\"ListItem\",\"position\":1,\"name\":\"Camping Pas-de-Calais\",\"item\":\"https:\/\/camping-belledune.com\/en\/\"},{\"@type\":\"ListItem\",\"position\":2,\"name\":\"Mentions l\u00e9gales\"}]},{\"@type\":\"WebSite\",\"@id\":\"https:\/\/camping-belledune.com\/#website\",\"url\":\"https:\/\/camping-belledune.com\/\",\"name\":\"Campsite Paradis - Belle Dune\",\"description\":\"\",\"publisher\":{\"@id\":\"https:\/\/camping-belledune.com\/#organization\"},\"inLanguage\":\"en-US\"},{\"@type\":\"Organization\",\"@id\":\"https:\/\/camping-belledune.com\/#organization\",\"name\":\"Camping Belle Dune\",\"url\":\"https:\/\/camping-belledune.com\/\",\"logo\":{\"@type\":\"ImageObject\",\"inLanguage\":\"en-US\",\"@id\":\"https:\/\/camping-belledune.com\/#\/schema\/logo\/image\/\",\"url\":\"https:\/\/camping-belledune.com\/wp-content\/uploads\/2022\/05\/logo-belle-dune.png\",\"contentUrl\":\"https:\/\/camping-belledune.com\/wp-content\/uploads\/2022\/05\/logo-belle-dune.png\",\"width\":800,\"height\":493,\"caption\":\"Camping Belle Dune\"},\"image\":{\"@id\":\"https:\/\/camping-belledune.com\/#\/schema\/logo\/image\/\"}}]}<\/script>\n<!-- \/ Yoast SEO plugin. -->","yoast_head_json":{"title":"Mentions l\u00e9gales - Campsite Paradis - Belle Dune","robots":{"index":"noindex","follow":"nofollow"},"og_locale":"en_US","og_type":"article","og_title":"Mentions l\u00e9gales - Campsite Paradis - Belle Dune","og_url":"https:\/\/camping-belledune.com\/en\/legal-notices\/","og_site_name":"Campsite Paradis - Belle Dune","article_modified_time":"2022-10-11T14:15:03+00:00","twitter_card":"summary_large_image","twitter_misc":{"Est. reading time":"2 minutes"},"schema":{"@context":"https:\/\/schema.org","@graph":[{"@type":"WebPage","@id":"https:\/\/camping-belledune.com\/en\/legal-notices\/","url":"https:\/\/camping-belledune.com\/en\/legal-notices\/","name":"Mentions l\u00e9gales - Campsite Paradis - Belle Dune","isPartOf":{"@id":"https:\/\/camping-belledune.com\/#website"},"datePublished":"2022-06-10T13:03:12+00:00","dateModified":"2022-10-11T14:15:03+00:00","breadcrumb":{"@id":"https:\/\/camping-belledune.com\/en\/legal-notices\/#breadcrumb"},"inLanguage":"en-US","potentialAction":[{"@type":"ReadAction","target":["https:\/\/camping-belledune.com\/en\/legal-notices\/"]}]},{"@type":"BreadcrumbList","@id":"https:\/\/camping-belledune.com\/en\/legal-notices\/#breadcrumb","itemListElement":[{"@type":"ListItem","position":1,"name":"Camping Pas-de-Calais","item":"https:\/\/camping-belledune.com\/en\/"},{"@type":"ListItem","position":2,"name":"Mentions l\u00e9gales"}]},{"@type":"WebSite","@id":"https:\/\/camping-belledune.com\/#website","url":"https:\/\/camping-belledune.com\/","name":"Campsite Paradis - Belle Dune","description":"","publisher":{"@id":"https:\/\/camping-belledune.com\/#organization"},"inLanguage":"en-US"},{"@type":"Organization","@id":"https:\/\/camping-belledune.com\/#organization","name":"Camping Belle Dune","url":"https:\/\/camping-belledune.com\/","logo":{"@type":"ImageObject","inLanguage":"en-US","@id":"https:\/\/camping-belledune.com\/#\/schema\/logo\/image\/","url":"https:\/\/camping-belledune.com\/wp-content\/uploads\/2022\/05\/logo-belle-dune.png","contentUrl":"https:\/\/camping-belledune.com\/wp-content\/uploads\/2022\/05\/logo-belle-dune.png","width":800,"height":493,"caption":"Camping Belle Dune"},"image":{"@id":"https:\/\/camping-belledune.com\/#\/schema\/logo\/image\/"}}]}},"_links":{"self":[{"href":"https:\/\/camping-belledune.com\/en\/wp-json\/wp\/v2\/pages\/2254","targetHints":{"allow":["GET"]}}],"collection":[{"href":"https:\/\/camping-belledune.com\/en\/wp-json\/wp\/v2\/pages"}],"about":[{"href":"https:\/\/camping-belledune.com\/en\/wp-json\/wp\/v2\/types\/page"}],"author":[{"embeddable":true,"href":"https:\/\/camping-belledune.com\/en\/wp-json\/wp\/v2\/users\/1"}],"replies":[{"embeddable":true,"href":"https:\/\/camping-belledune.com\/en\/wp-json\/wp\/v2\/comments?post=2254"}],"version-history":[{"count":2,"href":"https:\/\/camping-belledune.com\/en\/wp-json\/wp\/v2\/pages\/2254\/revisions"}],"predecessor-version":[{"id":2552,"href":"https:\/\/camping-belledune.com\/en\/wp-json\/wp\/v2\/pages\/2254\/revisions\/2552"}],"wp:attachment":[{"href":"https:\/\/camping-belledune.com\/en\/wp-json\/wp\/v2\/media?parent=2254"}],"wp:term":[{"taxonomy":"sujet","embeddable":true,"href":"https:\/\/camping-belledune.com\/en\/wp-json\/wp\/v2\/sujet?post=2254"}],"curies":[{"name":"wp","href":"https:\/\/api.w.org\/{rel}","templated":true}]}}